{"id":521,"date":"2020-03-06T13:08:46","date_gmt":"2020-03-06T13:08:46","guid":{"rendered":"https:\/\/efferaweb.wpengine.com\/?page_id=521"},"modified":"2020-06-17T11:11:17","modified_gmt":"2020-06-17T11:11:17","slug":"personvernerklaering","status":"publish","type":"page","link":"https:\/\/www.effera.no\/en\/personvernerklaering\/","title":{"rendered":"Personvernerkl\u00e6ring"},"content":{"rendered":"<section class=\"wp-block-uagb-section uagb-section__wrap uagb-section__background-undefined uagb-block-4709bb4e-49e4-41fa-aa01-409f70b08959\"><div class=\"uagb-section__overlay\"><\/div><div class=\"uagb-section__inner-wrap\">\n<h3 class=\"wp-block-heading\"><strong>Denne personvernerkl\u00e6ringen forteller om hvordan Effera samler inn og bruker personopplysninger.<\/strong><\/h3>\n\n\n\n<p>Effera, ved administrerende direkt\u00f8r, er behandlingsansvarlig for virksomhetens behandling av personopplysninger. Der det daglige ansvaret er delegert, kommer det fram under hvert enkelt punkt. Delegeringen omfatter kun oppgavene og ikke ansvaret. Erkl\u00e6ringen inneholder opplysninger du har krav p\u00e5 n\u00e5r det samles inn opplysninger fra nettstedet v\u00e5rt (personopplysningsloven \u00a7 19) og generell informasjon om hvordan vi behandler personopplysninger (personopplysningsloven \u00a7 18 1.ledd).<\/p>\n\n\n\n<p><strong>Nettbasert behandling av personopplysninger<\/strong><br>Daglig leder har det daglige ansvaret for Efferas nettbaserte behandlinger av personopplysninger p\u00e5 www.effera.no, med mindre annet er oppgitt under. Det er frivillig for de som bes\u00f8ker nettsiden \u00e5 oppgi personopplysninger i forbindelse med tjenester som \u00e5 motta nyhetsbrev, benytte del- og tipstjenesten og s\u00e5 videre. Behandlingsgrunnlaget er samtykkefra den enkelte, med mindre annet er spesifisert.<\/p>\n\n\n\n<p>Opplysninger som samles inn i forbindelse med drift av nettstedet, lagres p\u00e5 egne servere som driftes av Effera selv. Det er kun Effera som har tilgang til opplysningene som samles inn.<\/p>\n\n\n\n<p><strong>Nettstatistikk<\/strong><br>Effera samler inn avidentifiserte opplysninger om bes\u00f8kende p\u00e5 effera.no. Form\u00e5let med dette er \u00e5 utarbeide statistikk som vi bruker for \u00e5 forbedre og videreutvikle informasjonstilbudet p\u00e5 nettstedet. Eksempler p\u00e5 hva statistikken gir svar p\u00e5, er hvor mange som bes\u00f8ker ulike sider, hvor lenge bes\u00f8ket varer, hvilke nettsteder brukerne kommer fra og hvilke nettlesere som benyttes.<\/p>\n\n\n\n<p>Opplysningene behandles i avidentifisert og aggregert form. Med avidentifisert menes at vi ikke kan spore opplysningene vi samler inn tilbake til den enkelte bruker.Vi bruker analyseverkt\u00f8yet Google Analytics p\u00e5 v\u00e5rt nettsted. Dette er et verkt\u00f8y som er installert p\u00e5 en egen server hos driftsleverand\u00f8ren. Informasjon fra dette verkt\u00f8yet utleveres ikke fra Effera til andre akt\u00f8rer.<\/p>\n\n\n\n<p>Verkt\u00f8yet er satt opp slik at informasjonskapsler ikke benyttes. Vi respekterer ogs\u00e5 innstillinger for \u201dDo Not Track\u201d i brukerens nettleser (gjelder headerne X-Do-Not-Track og DNT). Funksjonen for Do Not Track er inkludert i de fleste nye nettlesere. Den kan alternativt legges inn av brukeren selv.<\/p>\n\n\n\n<p><strong>Informasjonskapsler<\/strong><br> Informasjonskapsler (cookies) er sm\u00e5 tekstfiler som plasseres p\u00e5 din datamaskin n\u00e5r du laster ned en nettside, slik som effera.no. Effera bruker kun anonymiserte informasjonskapsler til \u00e5 generere statistikk og vi kan dermed ikke spore din bruk av nettstedet tilbake til deg som enkeltperson.<\/p>\n\n\n\n<p>Lagring av opplysninger og behandling av slike opplysningene er ikke tillatt med mindre bruker b\u00e5de har blitt informert om og har gitt sitt samtykke til behandlingen. Brukeren skal f\u00e5 vite om og godkjenne hvilke opplysninger som behandles, hva form\u00e5let med behandlingen er og hvem som behandler opplysningene. Denne bestemmelsen kom med den reviderte ekomloven fra 2013 og ble kalt \u00abcookie-paragrafen\u00bb (ekomloven \u00a7 2-7b).<\/p>\n\n\n\n<p><strong>Stillingss\u00f8knader<\/strong><br>Alle stillingss\u00f8knader blir behandlet konfidensielt. Hele v\u00e5r prosess rundt behandling av s\u00f8knader er elektronisk. S\u00f8knader og relaterte dokumenter (CV, attester m.v.) blir lagret i v\u00e5rt elektroniske arkiv i opp til 6 m\u00e5neder. Dette inkluderer ogs\u00e5 alle notater som er gjort i forbindelse med eventuelle intervjuer.<\/p>\n\n\n\n<p><strong>Rettigheter<\/strong><br> Alle som sp\u00f8r har rett p\u00e5 grunnleggende informasjon om behandlinger av personopplysninger i en virksomhet etter personopplysningslovens \u00a7 18, 1. ledd. Effera har gitt denne informasjonen i denne erkl\u00e6ringen, og vil henvise til den ved eventuelle foresp\u00f8rsler. De som er registrert i et av Effera sine systemer har rett p\u00e5 innsyn i egne opplysninger. Vedkommende har ogs\u00e5 rett til \u00e5 be om at uriktige, ufullstendige eller opplysninger Effera ikke har adgang til \u00e5 behandle blir rettet, slettet eller supplert. Krav fra den registrerte besvares kostnadsfritt og senest innen 30 dager.<\/p>\n<\/div><\/section>","protected":false},"excerpt":{"rendered":"","protected":false},"author":7,"featured_media":0,"parent":0,"menu_order":0,"comment_status":"closed","ping_status":"closed","template":"","meta":{"_uag_custom_page_level_css":"","site-sidebar-layout":"no-sidebar","site-content-layout":"default","ast-site-content-layout":"default","site-content-style":"default","site-sidebar-style":"default","ast-global-header-display":"","ast-banner-title-visibility":"","ast-main-header-display":"","ast-hfb-above-header-display":"","ast-hfb-below-header-display":"","ast-hfb-mobile-header-display":"","site-post-title":"","ast-breadcrumbs-content":"","ast-featured-img":"","footer-sml-layout":"","ast-disable-related-posts":"","theme-transparent-header-meta":"default","adv-header-id-meta":"","stick-header-meta":"default","header-above-stick-meta":"","header-main-stick-meta":"","header-below-stick-meta":"","astra-migrate-meta-layouts":"default","ast-page-background-enabled":"default","ast-page-background-meta":{"desktop":{"background-color":"","background-image":"","background-repeat":"repeat","background-position":"center center","background-size":"auto","background-attachment":"scroll","background-type":"","background-media":"","overlay-type":"","overlay-color":"","overlay-opacity":"","overlay-gradient":""},"tablet":{"background-color":"","background-image":"","background-repeat":"repeat","background-position":"center center","background-size":"auto","background-attachment":"scroll","background-type":"","background-media":"","overlay-type":"","overlay-color":"","overlay-opacity":"","overlay-gradient":""},"mobile":{"background-color":"","background-image":"","background-repeat":"repeat","background-position":"center center","background-size":"auto","background-attachment":"scroll","background-type":"","background-media":"","overlay-type":"","overlay-color":"","overlay-opacity":"","overlay-gradient":""}},"ast-content-background-meta":{"desktop":{"background-color":"var(--ast-global-color-5)","background-image":"","background-repeat":"repeat","background-position":"center center","background-size":"auto","background-attachment":"scroll","background-type":"","background-media":"","overlay-type":"","overlay-color":"","overlay-opacity":"","overlay-gradient":""},"tablet":{"background-color":"var(--ast-global-color-5)","background-image":"","background-repeat":"repeat","background-position":"center center","background-size":"auto","background-attachment":"scroll","background-type":"","background-media":"","overlay-type":"","overlay-color":"","overlay-opacity":"","overlay-gradient":""},"mobile":{"background-color":"var(--ast-global-color-5)","background-image":"","background-repeat":"repeat","background-position":"center center","background-size":"auto","background-attachment":"scroll","background-type":"","background-media":"","overlay-type":"","overlay-color":"","overlay-opacity":"","overlay-gradient":""}},"footnotes":""},"class_list":["post-521","page","type-page","status-publish","hentry"],"yoast_head":"<!-- This site is optimized with the Yoast SEO Premium plugin v26.4 (Yoast SEO v27.5) - https:\/\/yoast.com\/product\/yoast-seo-premium-wordpress\/ -->\n<title>Personvernerkl\u00e6ring - effera.no<\/title>\n<meta name=\"robots\" content=\"index, follow, max-snippet:-1, max-image-preview:large, max-video-preview:-1\" \/>\n<link rel=\"canonical\" href=\"https:\/\/www.effera.no\/en\/personvernerklaering\/\" \/>\n<meta property=\"og:locale\" content=\"en_US\" \/>\n<meta property=\"og:type\" content=\"article\" \/>\n<meta property=\"og:title\" content=\"Personvernerkl\u00e6ring\" \/>\n<meta property=\"og:url\" content=\"https:\/\/www.effera.no\/en\/personvernerklaering\/\" \/>\n<meta property=\"og:site_name\" content=\"effera.no\" \/>\n<meta property=\"article:publisher\" content=\"https:\/\/www.facebook.com\/effera.no\" \/>\n<meta property=\"article:modified_time\" content=\"2020-06-17T11:11:17+00:00\" \/>\n<meta name=\"twitter:card\" content=\"summary_large_image\" \/>\n<meta name=\"twitter:label1\" content=\"Est. reading time\" \/>\n\t<meta name=\"twitter:data1\" content=\"3 minutes\" \/>\n<script type=\"application\/ld+json\" class=\"yoast-schema-graph\">{\"@context\":\"https:\\\/\\\/schema.org\",\"@graph\":[{\"@type\":\"WebPage\",\"@id\":\"https:\\\/\\\/www.effera.no\\\/personvernerklaering\\\/\",\"url\":\"https:\\\/\\\/www.effera.no\\\/personvernerklaering\\\/\",\"name\":\"Personvernerkl\u00e6ring - effera.no\",\"isPartOf\":{\"@id\":\"https:\\\/\\\/www.effera.no\\\/#website\"},\"datePublished\":\"2020-03-06T13:08:46+00:00\",\"dateModified\":\"2020-06-17T11:11:17+00:00\",\"breadcrumb\":{\"@id\":\"https:\\\/\\\/www.effera.no\\\/personvernerklaering\\\/#breadcrumb\"},\"inLanguage\":\"en-US\",\"potentialAction\":[{\"@type\":\"ReadAction\",\"target\":[\"https:\\\/\\\/www.effera.no\\\/personvernerklaering\\\/\"]}]},{\"@type\":\"BreadcrumbList\",\"@id\":\"https:\\\/\\\/www.effera.no\\\/personvernerklaering\\\/#breadcrumb\",\"itemListElement\":[{\"@type\":\"ListItem\",\"position\":1,\"name\":\"Hjem\",\"item\":\"https:\\\/\\\/www.effera.no\\\/\"},{\"@type\":\"ListItem\",\"position\":2,\"name\":\"Personvernerkl\u00e6ring\"}]},{\"@type\":\"WebSite\",\"@id\":\"https:\\\/\\\/www.effera.no\\\/#website\",\"url\":\"https:\\\/\\\/www.effera.no\\\/\",\"name\":\"effera.no\",\"description\":\"\",\"publisher\":{\"@id\":\"https:\\\/\\\/www.effera.no\\\/#organization\"},\"potentialAction\":[{\"@type\":\"SearchAction\",\"target\":{\"@type\":\"EntryPoint\",\"urlTemplate\":\"https:\\\/\\\/www.effera.no\\\/?s={search_term_string}\"},\"query-input\":{\"@type\":\"PropertyValueSpecification\",\"valueRequired\":true,\"valueName\":\"search_term_string\"}}],\"inLanguage\":\"en-US\"},{\"@type\":\"Organization\",\"@id\":\"https:\\\/\\\/www.effera.no\\\/#organization\",\"name\":\"effera.no\",\"url\":\"https:\\\/\\\/www.effera.no\\\/\",\"logo\":{\"@type\":\"ImageObject\",\"inLanguage\":\"en-US\",\"@id\":\"https:\\\/\\\/www.effera.no\\\/#\\\/schema\\\/logo\\\/image\\\/\",\"url\":\"https:\\\/\\\/www.effera.no\\\/wp-content\\\/uploads\\\/2020\\\/03\\\/Logo.png\",\"contentUrl\":\"https:\\\/\\\/www.effera.no\\\/wp-content\\\/uploads\\\/2020\\\/03\\\/Logo.png\",\"width\":155,\"height\":44,\"caption\":\"effera.no\"},\"image\":{\"@id\":\"https:\\\/\\\/www.effera.no\\\/#\\\/schema\\\/logo\\\/image\\\/\"},\"sameAs\":[\"https:\\\/\\\/www.facebook.com\\\/effera.no\",\"https:\\\/\\\/no.linkedin.com\\\/company\\\/effera\",\"https:\\\/\\\/www.instagram.com\\\/effera.as\\\/\"]}]}<\/script>\n<!-- \/ Yoast SEO Premium plugin. -->","yoast_head_json":{"title":"Personvernerkl\u00e6ring - effera.no","robots":{"index":"index","follow":"follow","max-snippet":"max-snippet:-1","max-image-preview":"max-image-preview:large","max-video-preview":"max-video-preview:-1"},"canonical":"https:\/\/www.effera.no\/en\/personvernerklaering\/","og_locale":"en_US","og_type":"article","og_title":"Personvernerkl\u00e6ring","og_url":"https:\/\/www.effera.no\/en\/personvernerklaering\/","og_site_name":"effera.no","article_publisher":"https:\/\/www.facebook.com\/effera.no","article_modified_time":"2020-06-17T11:11:17+00:00","twitter_card":"summary_large_image","twitter_misc":{"Est. reading time":"3 minutes"},"schema":{"@context":"https:\/\/schema.org","@graph":[{"@type":"WebPage","@id":"https:\/\/www.effera.no\/personvernerklaering\/","url":"https:\/\/www.effera.no\/personvernerklaering\/","name":"Personvernerkl\u00e6ring - effera.no","isPartOf":{"@id":"https:\/\/www.effera.no\/#website"},"datePublished":"2020-03-06T13:08:46+00:00","dateModified":"2020-06-17T11:11:17+00:00","breadcrumb":{"@id":"https:\/\/www.effera.no\/personvernerklaering\/#breadcrumb"},"inLanguage":"en-US","potentialAction":[{"@type":"ReadAction","target":["https:\/\/www.effera.no\/personvernerklaering\/"]}]},{"@type":"BreadcrumbList","@id":"https:\/\/www.effera.no\/personvernerklaering\/#breadcrumb","itemListElement":[{"@type":"ListItem","position":1,"name":"Hjem","item":"https:\/\/www.effera.no\/"},{"@type":"ListItem","position":2,"name":"Personvernerkl\u00e6ring"}]},{"@type":"WebSite","@id":"https:\/\/www.effera.no\/#website","url":"https:\/\/www.effera.no\/","name":"effera.no","description":"","publisher":{"@id":"https:\/\/www.effera.no\/#organization"},"potentialAction":[{"@type":"SearchAction","target":{"@type":"EntryPoint","urlTemplate":"https:\/\/www.effera.no\/?s={search_term_string}"},"query-input":{"@type":"PropertyValueSpecification","valueRequired":true,"valueName":"search_term_string"}}],"inLanguage":"en-US"},{"@type":"Organization","@id":"https:\/\/www.effera.no\/#organization","name":"effera.no","url":"https:\/\/www.effera.no\/","logo":{"@type":"ImageObject","inLanguage":"en-US","@id":"https:\/\/www.effera.no\/#\/schema\/logo\/image\/","url":"https:\/\/www.effera.no\/wp-content\/uploads\/2020\/03\/Logo.png","contentUrl":"https:\/\/www.effera.no\/wp-content\/uploads\/2020\/03\/Logo.png","width":155,"height":44,"caption":"effera.no"},"image":{"@id":"https:\/\/www.effera.no\/#\/schema\/logo\/image\/"},"sameAs":["https:\/\/www.facebook.com\/effera.no","https:\/\/no.linkedin.com\/company\/effera","https:\/\/www.instagram.com\/effera.as\/"]}]}},"uagb_featured_image_src":{"full":false,"thumbnail":false,"medium":false,"medium_large":false,"large":false,"1536x1536":false,"2048x2048":false,"trp-custom-language-flag":false},"uagb_author_info":{"display_name":"Ivan M\u00e6land","author_link":"https:\/\/www.effera.no\/en\/artikler\/author\/im_superbruger_eretiten_757746\/"},"uagb_comment_info":0,"uagb_excerpt":null,"_links":{"self":[{"href":"https:\/\/www.effera.no\/en\/wp-json\/wp\/v2\/pages\/521","targetHints":{"allow":["GET"]}}],"collection":[{"href":"https:\/\/www.effera.no\/en\/wp-json\/wp\/v2\/pages"}],"about":[{"href":"https:\/\/www.effera.no\/en\/wp-json\/wp\/v2\/types\/page"}],"author":[{"embeddable":true,"href":"https:\/\/www.effera.no\/en\/wp-json\/wp\/v2\/users\/7"}],"replies":[{"embeddable":true,"href":"https:\/\/www.effera.no\/en\/wp-json\/wp\/v2\/comments?post=521"}],"version-history":[{"count":0,"href":"https:\/\/www.effera.no\/en\/wp-json\/wp\/v2\/pages\/521\/revisions"}],"wp:attachment":[{"href":"https:\/\/www.effera.no\/en\/wp-json\/wp\/v2\/media?parent=521"}],"curies":[{"name":"wp","href":"https:\/\/api.w.org\/{rel}","templated":true}]}}