{"id":28,"date":"2020-03-04T09:49:18","date_gmt":"2020-03-04T09:49:18","guid":{"rendered":"https:\/\/efferaweb.wpengine.com\/?page_id=28"},"modified":"2025-11-18T14:42:47","modified_gmt":"2025-11-18T12:42:47","slug":"om","status":"publish","type":"page","link":"https:\/\/www.effera.no\/en\/om\/","title":{"rendered":"About us"},"content":{"rendered":"<section class=\"wp-block-uagb-section uagb-section__wrap uagb-section__background-image uagb-block-fe86d814\"><div class=\"uagb-section__overlay\"><\/div><div class=\"uagb-section__inner-wrap\">\n<section class=\"wp-block-uagb-section uagb-section__wrap uagb-section__background-undefined uagb-block-3080e074\"><div class=\"uagb-section__overlay\"><\/div><div class=\"uagb-section__inner-wrap\">\n<h1 class=\"wp-block-heading has-white-color has-text-color\" id=\"om-oss\"><strong>ABOUT US<\/strong><\/h1>\n<\/div><\/section>\n<\/div><\/section>\n\n\n\n<div class=\"wp-block-uagb-container uagb-block-eed9c3f9 alignfull uagb-is-root-container\"><div class=\"uagb-container-inner-blocks-wrap\">\n<h2 class=\"wp-block-heading has-text-align-center\" style=\"margin-top:0px;margin-bottom:30px\"><strong>We deliver digital solutions to the tunnel and construction industry in Norway and Sweden<\/strong><\/h2>\n\n\n\n<p class=\"has-text-align-center\" style=\"margin-bottom:0px\">Vi er markedsledende innenfor sikkerhetsl\u00f8sninger til tunnelbransjen, hvor vi leverer elektroniske mannskapslister, sporing av personell og maskiner, brannalarmutstyr, 4G\/WiFi-dekning, radioer (UHF\/Push-to-Talk), gass-sensorikk og ventilasjonsstyring.<\/p>\n\n\n\n<p class=\"has-text-align-center\" style=\"margin-top:0px;margin-bottom:0px\">Kundelisten v\u00e5r best\u00e5r av store og kjente merkenavn som AF Gruppen, H\u00e6hre Entrepren\u00f8r, Implenia, Veidekke, NCC, Metrostav, og vi leverer v\u00e5re tjenester til b\u00e5de Norge, Sverige og F\u00e6r\u00f8yene.<\/p>\n\n\n\n<p class=\"has-text-align-center\" style=\"margin-top:0px;margin-bottom:0px\">V\u00e5r kjernekompetanse er innen sikkerhet og kommunikasjonsl\u00f8sninger.<\/p>\n<\/div><\/div>\n\n\n\n<div class=\"wp-block-uagb-separator uagb-block-b67b0b16\"><div class=\"uagb-separator-spacing-wrapper\"><div class=\"wp-block-uagb-separator__inner\" style=\"--my-background-image:\"><\/div><\/div><\/div>\n\n\n\n<div class=\"wp-block-uagb-container uagb-block-3bb7eead alignfull uagb-is-root-container\"><div class=\"uagb-container-inner-blocks-wrap\">\n<h4 class=\"wp-block-heading has-text-align-center has-text-color\" style=\"color:#149b64;margin-bottom:0px\"> <strong>Our vision<\/strong> <\/h4>\n\n\n\n<h3 class=\"wp-block-heading has-text-align-center\" style=\"margin-top:0px;margin-bottom:0px\"><strong> Lead our world into the digital age<\/strong> <\/h3>\n\n\n\n<p class=\"has-text-align-center\"> Our world consists of customers, partners and forums that have the focus, will and ability to take part in the green and digital shift. Our role is to show our world why and how to utilize present and future technology to create sustainable values \u200b\u200bfor our customers and the world we live in. <\/p>\n<\/div><\/div>\n\n\n\n<div class=\"wp-block-uagb-container uagb-block-72d55ffa alignfull uagb-is-root-container\"><div class=\"uagb-container-inner-blocks-wrap\">\n<h4 class=\"wp-block-heading has-text-align-center has-text-color\" style=\"color:#149b64;margin-bottom:0px\"> <strong><strong>Our mission<\/strong><\/strong> <\/h4>\n\n\n\n<h3 class=\"wp-block-heading has-text-align-center\" style=\"margin-top:0px;margin-bottom:0px\"><strong>We develop and sell smart solutions to customers who want a sustainable, efficient and safe workplace<\/strong><\/h3>\n\n\n\n<p class=\"has-text-align-center\">We optimize the interaction between humans, software and hardware through user-friendly applications. We organize big data and make available what provides value for our customers to make the right decisions for the company, employees and the environment. <\/p>\n<\/div><\/div>\n\n\n\n<div class=\"wp-block-uagb-container uagb-block-9689d94a alignfull uagb-is-root-container\"><div class=\"uagb-container-inner-blocks-wrap\">\n<h4 class=\"wp-block-heading has-text-align-center has-text-color\" style=\"color:#149b64;margin-bottom:0px\"><strong>Our values<\/strong><\/h4>\n\n\n\n<h3 class=\"wp-block-heading has-text-align-center\" style=\"margin-top:0px;margin-bottom:0px\"><strong><strong>Job satisfaction - Precision - Respect<\/strong><\/strong><\/h3>\n<\/div><\/div>\n\n\n\n<div class=\"wp-block-uagb-separator uagb-block-daf1dedb\"><div class=\"uagb-separator-spacing-wrapper\"><div class=\"wp-block-uagb-separator__inner\" style=\"--my-background-image:\"><\/div><\/div><\/div>\n\n\n\n<div class=\"wp-block-uagb-container uagb-block-e8e2005f alignfull uagb-is-root-container\"><div class=\"uagb-container-inner-blocks-wrap\">\n<h2 class=\"wp-block-heading has-text-align-center\" id=\"h-kontakt\">Contact<\/h2>\n\n\n\n<div style=\"height:24px\" aria-hidden=\"true\" class=\"wp-block-spacer\"><\/div>\n\n\n\n<div class=\"wp-block-uagb-container uagb-block-7243c8ef alignfull uagb-is-root-container\"><div class=\"uagb-container-inner-blocks-wrap\">\n<div class=\"wp-block-uagb-container uagb-block-c8106c9a\">\n<figure class=\"wp-block-image aligncenter size-full is-resized is-style-rounded\"><img loading=\"lazy\" decoding=\"async\" width=\"500\" height=\"500\" src=\"https:\/\/www.effera.no\/wp-content\/uploads\/2020\/04\/Effera_Anders-1x1-1.jpg\" alt=\"\" class=\"wp-image-669\" style=\"object-fit:cover;width:200px;height:200px\" srcset=\"https:\/\/www.effera.no\/wp-content\/uploads\/2020\/04\/Effera_Anders-1x1-1.jpg 500w, https:\/\/www.effera.no\/wp-content\/uploads\/2020\/04\/Effera_Anders-1x1-1-300x300.jpg 300w, https:\/\/www.effera.no\/wp-content\/uploads\/2020\/04\/Effera_Anders-1x1-1-150x150.jpg 150w\" sizes=\"auto, (max-width: 500px) 100vw, 500px\" \/><\/figure>\n\n\n\n<h4 class=\"wp-block-heading has-text-align-center\" style=\"margin-top:0px;margin-bottom:0px\">Anders Gilje<\/h4>\n\n\n\n<p class=\"has-text-align-center\" style=\"margin-top:0px;margin-bottom:0px\">CEO<\/p>\n\n\n\n<p class=\"has-text-align-center\" style=\"margin-top:0px;margin-bottom:0px\"><a href=\"mailto:an@effera.no\"><\/a><a href=\"mailto:ag@effera.no\">ag@effera.no<\/a><br><a href=\"tel:+4790516963\">+47 905 16 963<\/a><\/p>\n<\/div>\n<\/div><\/div>\n\n\n\n<div style=\"height:100px\" aria-hidden=\"true\" class=\"wp-block-spacer\"><\/div>\n<\/div><\/div>","protected":false},"excerpt":{"rendered":"<p>Vi leverer digitale l\u00f8sninger til tunnel- og anleggsbransjen i Norge og Sverige Vi er markedsledende innenfor sikkerhetsl\u00f8sninger til tunnelbransjen, hvor vi leverer elektroniske mannskapslister, sporing av personell og maskiner, brannalarmutstyr, 4G\/WiFi-dekning, radioer (UHF\/Push-to-Talk), gass-sensorikk og ventilasjonsstyring. Kundelisten v\u00e5r best\u00e5r av store og kjente merkenavn som AF Gruppen, H\u00e6hre Entrepren\u00f8r, Implenia, Veidekke, NCC, Metrostav, og vi [&hellip;]<\/p>\n","protected":false},"author":7,"featured_media":2563,"parent":0,"menu_order":0,"comment_status":"closed","ping_status":"closed","template":"","meta":{"_uag_custom_page_level_css":"","site-sidebar-layout":"no-sidebar","site-content-layout":"page-builder","ast-site-content-layout":"full-width-container","site-content-style":"unboxed","site-sidebar-style":"unboxed","ast-global-header-display":"","ast-banner-title-visibility":"","ast-main-header-display":"","ast-hfb-above-header-display":"","ast-hfb-below-header-display":"","ast-hfb-mobile-header-display":"","site-post-title":"disabled","ast-breadcrumbs-content":"","ast-featured-img":"disabled","footer-sml-layout":"","ast-disable-related-posts":"","theme-transparent-header-meta":"disabled","adv-header-id-meta":"","stick-header-meta":"default","header-above-stick-meta":"","header-main-stick-meta":"","header-below-stick-meta":"","astra-migrate-meta-layouts":"set","ast-page-background-enabled":"default","ast-page-background-meta":{"desktop":{"background-color":"","background-image":"","background-repeat":"repeat","background-position":"center center","background-size":"auto","background-attachment":"scroll","background-type":"","background-media":"","overlay-type":"","overlay-color":"","overlay-opacity":"","overlay-gradient":""},"tablet":{"background-color":"","background-image":"","background-repeat":"repeat","background-position":"center center","background-size":"auto","background-attachment":"scroll","background-type":"","background-media":"","overlay-type":"","overlay-color":"","overlay-opacity":"","overlay-gradient":""},"mobile":{"background-color":"","background-image":"","background-repeat":"repeat","background-position":"center center","background-size":"auto","background-attachment":"scroll","background-type":"","background-media":"","overlay-type":"","overlay-color":"","overlay-opacity":"","overlay-gradient":""}},"ast-content-background-meta":{"desktop":{"background-color":"var(--ast-global-color-5)","background-image":"","background-repeat":"repeat","background-position":"center center","background-size":"auto","background-attachment":"scroll","background-type":"","background-media":"","overlay-type":"","overlay-color":"","overlay-opacity":"","overlay-gradient":""},"tablet":{"background-color":"var(--ast-global-color-5)","background-image":"","background-repeat":"repeat","background-position":"center center","background-size":"auto","background-attachment":"scroll","background-type":"","background-media":"","overlay-type":"","overlay-color":"","overlay-opacity":"","overlay-gradient":""},"mobile":{"background-color":"var(--ast-global-color-5)","background-image":"","background-repeat":"repeat","background-position":"center center","background-size":"auto","background-attachment":"scroll","background-type":"","background-media":"","overlay-type":"","overlay-color":"","overlay-opacity":"","overlay-gradient":""}},"footnotes":""},"class_list":["post-28","page","type-page","status-publish","has-post-thumbnail","hentry"],"yoast_head":"<!-- This site is optimized with the Yoast SEO Premium plugin v26.4 (Yoast SEO v27.3) - https:\/\/yoast.com\/product\/yoast-seo-premium-wordpress\/ -->\n<title>Om oss - effera.no<\/title>\n<meta name=\"robots\" content=\"index, follow, max-snippet:-1, max-image-preview:large, max-video-preview:-1\" \/>\n<link rel=\"canonical\" href=\"https:\/\/www.effera.no\/en\/om\/\" \/>\n<meta property=\"og:locale\" content=\"en_US\" \/>\n<meta property=\"og:type\" content=\"article\" \/>\n<meta property=\"og:title\" content=\"Om oss\" \/>\n<meta property=\"og:description\" content=\"Vi leverer digitale l\u00f8sninger til tunnel- og anleggsbransjen i Norge og Sverige Vi er markedsledende innenfor sikkerhetsl\u00f8sninger til tunnelbransjen, hvor vi leverer elektroniske mannskapslister, sporing av personell og maskiner, brannalarmutstyr, 4G\/WiFi-dekning, radioer (UHF\/Push-to-Talk), gass-sensorikk og ventilasjonsstyring. Kundelisten v\u00e5r best\u00e5r av store og kjente merkenavn som AF Gruppen, H\u00e6hre Entrepren\u00f8r, Implenia, Veidekke, NCC, Metrostav, og vi [&hellip;]\" \/>\n<meta property=\"og:url\" content=\"https:\/\/www.effera.no\/en\/om\/\" \/>\n<meta property=\"og:site_name\" content=\"effera.no\" \/>\n<meta property=\"article:publisher\" content=\"https:\/\/www.facebook.com\/effera.no\" \/>\n<meta property=\"article:modified_time\" content=\"2025-11-18T12:42:47+00:00\" \/>\n<meta property=\"og:image\" content=\"https:\/\/www.effera.no\/wp-content\/uploads\/2023\/08\/D85_8514-Enhanced-NR-Edit.jpg\" \/>\n\t<meta property=\"og:image:width\" content=\"1920\" \/>\n\t<meta property=\"og:image:height\" content=\"1280\" \/>\n\t<meta property=\"og:image:type\" content=\"image\/jpeg\" \/>\n<meta name=\"twitter:card\" content=\"summary_large_image\" \/>\n<meta name=\"twitter:label1\" content=\"Est. reading time\" \/>\n\t<meta name=\"twitter:data1\" content=\"2 minutes\" \/>\n<script type=\"application\/ld+json\" class=\"yoast-schema-graph\">{\"@context\":\"https:\\\/\\\/schema.org\",\"@graph\":[{\"@type\":\"WebPage\",\"@id\":\"https:\\\/\\\/www.effera.no\\\/om\\\/\",\"url\":\"https:\\\/\\\/www.effera.no\\\/om\\\/\",\"name\":\"Om oss - effera.no\",\"isPartOf\":{\"@id\":\"https:\\\/\\\/www.effera.no\\\/#website\"},\"primaryImageOfPage\":{\"@id\":\"https:\\\/\\\/www.effera.no\\\/om\\\/#primaryimage\"},\"image\":{\"@id\":\"https:\\\/\\\/www.effera.no\\\/om\\\/#primaryimage\"},\"thumbnailUrl\":\"https:\\\/\\\/www.effera.no\\\/wp-content\\\/uploads\\\/2023\\\/08\\\/D85_8514-Enhanced-NR-Edit.jpg\",\"datePublished\":\"2020-03-04T09:49:18+00:00\",\"dateModified\":\"2025-11-18T12:42:47+00:00\",\"breadcrumb\":{\"@id\":\"https:\\\/\\\/www.effera.no\\\/om\\\/#breadcrumb\"},\"inLanguage\":\"en-US\",\"potentialAction\":[{\"@type\":\"ReadAction\",\"target\":[\"https:\\\/\\\/www.effera.no\\\/om\\\/\"]}]},{\"@type\":\"ImageObject\",\"inLanguage\":\"en-US\",\"@id\":\"https:\\\/\\\/www.effera.no\\\/om\\\/#primaryimage\",\"url\":\"https:\\\/\\\/www.effera.no\\\/wp-content\\\/uploads\\\/2023\\\/08\\\/D85_8514-Enhanced-NR-Edit.jpg\",\"contentUrl\":\"https:\\\/\\\/www.effera.no\\\/wp-content\\\/uploads\\\/2023\\\/08\\\/D85_8514-Enhanced-NR-Edit.jpg\",\"width\":1920,\"height\":1280},{\"@type\":\"BreadcrumbList\",\"@id\":\"https:\\\/\\\/www.effera.no\\\/om\\\/#breadcrumb\",\"itemListElement\":[{\"@type\":\"ListItem\",\"position\":1,\"name\":\"Hjem\",\"item\":\"https:\\\/\\\/www.effera.no\\\/\"},{\"@type\":\"ListItem\",\"position\":2,\"name\":\"Om oss\"}]},{\"@type\":\"WebSite\",\"@id\":\"https:\\\/\\\/www.effera.no\\\/#website\",\"url\":\"https:\\\/\\\/www.effera.no\\\/\",\"name\":\"effera.no\",\"description\":\"\",\"publisher\":{\"@id\":\"https:\\\/\\\/www.effera.no\\\/#organization\"},\"potentialAction\":[{\"@type\":\"SearchAction\",\"target\":{\"@type\":\"EntryPoint\",\"urlTemplate\":\"https:\\\/\\\/www.effera.no\\\/?s={search_term_string}\"},\"query-input\":{\"@type\":\"PropertyValueSpecification\",\"valueRequired\":true,\"valueName\":\"search_term_string\"}}],\"inLanguage\":\"en-US\"},{\"@type\":\"Organization\",\"@id\":\"https:\\\/\\\/www.effera.no\\\/#organization\",\"name\":\"effera.no\",\"url\":\"https:\\\/\\\/www.effera.no\\\/\",\"logo\":{\"@type\":\"ImageObject\",\"inLanguage\":\"en-US\",\"@id\":\"https:\\\/\\\/www.effera.no\\\/#\\\/schema\\\/logo\\\/image\\\/\",\"url\":\"https:\\\/\\\/www.effera.no\\\/wp-content\\\/uploads\\\/2020\\\/03\\\/Logo.png\",\"contentUrl\":\"https:\\\/\\\/www.effera.no\\\/wp-content\\\/uploads\\\/2020\\\/03\\\/Logo.png\",\"width\":155,\"height\":44,\"caption\":\"effera.no\"},\"image\":{\"@id\":\"https:\\\/\\\/www.effera.no\\\/#\\\/schema\\\/logo\\\/image\\\/\"},\"sameAs\":[\"https:\\\/\\\/www.facebook.com\\\/effera.no\",\"https:\\\/\\\/no.linkedin.com\\\/company\\\/effera\",\"https:\\\/\\\/www.instagram.com\\\/effera.as\\\/\"]}]}<\/script>\n<!-- \/ Yoast SEO Premium plugin. -->","yoast_head_json":{"title":"Om oss - effera.no","robots":{"index":"index","follow":"follow","max-snippet":"max-snippet:-1","max-image-preview":"max-image-preview:large","max-video-preview":"max-video-preview:-1"},"canonical":"https:\/\/www.effera.no\/en\/om\/","og_locale":"en_US","og_type":"article","og_title":"Om oss","og_description":"Vi leverer digitale l\u00f8sninger til tunnel- og anleggsbransjen i Norge og Sverige Vi er markedsledende innenfor sikkerhetsl\u00f8sninger til tunnelbransjen, hvor vi leverer elektroniske mannskapslister, sporing av personell og maskiner, brannalarmutstyr, 4G\/WiFi-dekning, radioer (UHF\/Push-to-Talk), gass-sensorikk og ventilasjonsstyring. Kundelisten v\u00e5r best\u00e5r av store og kjente merkenavn som AF Gruppen, H\u00e6hre Entrepren\u00f8r, Implenia, Veidekke, NCC, Metrostav, og vi [&hellip;]","og_url":"https:\/\/www.effera.no\/en\/om\/","og_site_name":"effera.no","article_publisher":"https:\/\/www.facebook.com\/effera.no","article_modified_time":"2025-11-18T12:42:47+00:00","og_image":[{"width":1920,"height":1280,"url":"https:\/\/www.effera.no\/wp-content\/uploads\/2023\/08\/D85_8514-Enhanced-NR-Edit.jpg","type":"image\/jpeg"}],"twitter_card":"summary_large_image","twitter_misc":{"Est. reading time":"2 minutes"},"schema":{"@context":"https:\/\/schema.org","@graph":[{"@type":"WebPage","@id":"https:\/\/www.effera.no\/om\/","url":"https:\/\/www.effera.no\/om\/","name":"Om oss - effera.no","isPartOf":{"@id":"https:\/\/www.effera.no\/#website"},"primaryImageOfPage":{"@id":"https:\/\/www.effera.no\/om\/#primaryimage"},"image":{"@id":"https:\/\/www.effera.no\/om\/#primaryimage"},"thumbnailUrl":"https:\/\/www.effera.no\/wp-content\/uploads\/2023\/08\/D85_8514-Enhanced-NR-Edit.jpg","datePublished":"2020-03-04T09:49:18+00:00","dateModified":"2025-11-18T12:42:47+00:00","breadcrumb":{"@id":"https:\/\/www.effera.no\/om\/#breadcrumb"},"inLanguage":"en-US","potentialAction":[{"@type":"ReadAction","target":["https:\/\/www.effera.no\/om\/"]}]},{"@type":"ImageObject","inLanguage":"en-US","@id":"https:\/\/www.effera.no\/om\/#primaryimage","url":"https:\/\/www.effera.no\/wp-content\/uploads\/2023\/08\/D85_8514-Enhanced-NR-Edit.jpg","contentUrl":"https:\/\/www.effera.no\/wp-content\/uploads\/2023\/08\/D85_8514-Enhanced-NR-Edit.jpg","width":1920,"height":1280},{"@type":"BreadcrumbList","@id":"https:\/\/www.effera.no\/om\/#breadcrumb","itemListElement":[{"@type":"ListItem","position":1,"name":"Hjem","item":"https:\/\/www.effera.no\/"},{"@type":"ListItem","position":2,"name":"Om oss"}]},{"@type":"WebSite","@id":"https:\/\/www.effera.no\/#website","url":"https:\/\/www.effera.no\/","name":"effera.no","description":"","publisher":{"@id":"https:\/\/www.effera.no\/#organization"},"potentialAction":[{"@type":"SearchAction","target":{"@type":"EntryPoint","urlTemplate":"https:\/\/www.effera.no\/?s={search_term_string}"},"query-input":{"@type":"PropertyValueSpecification","valueRequired":true,"valueName":"search_term_string"}}],"inLanguage":"en-US"},{"@type":"Organization","@id":"https:\/\/www.effera.no\/#organization","name":"effera.no","url":"https:\/\/www.effera.no\/","logo":{"@type":"ImageObject","inLanguage":"en-US","@id":"https:\/\/www.effera.no\/#\/schema\/logo\/image\/","url":"https:\/\/www.effera.no\/wp-content\/uploads\/2020\/03\/Logo.png","contentUrl":"https:\/\/www.effera.no\/wp-content\/uploads\/2020\/03\/Logo.png","width":155,"height":44,"caption":"effera.no"},"image":{"@id":"https:\/\/www.effera.no\/#\/schema\/logo\/image\/"},"sameAs":["https:\/\/www.facebook.com\/effera.no","https:\/\/no.linkedin.com\/company\/effera","https:\/\/www.instagram.com\/effera.as\/"]}]}},"uagb_featured_image_src":{"full":["https:\/\/www.effera.no\/wp-content\/uploads\/2023\/08\/D85_8514-Enhanced-NR-Edit.jpg",1920,1280,false],"thumbnail":["https:\/\/www.effera.no\/wp-content\/uploads\/2023\/08\/D85_8514-Enhanced-NR-Edit-150x150.jpg",150,150,true],"medium":["https:\/\/www.effera.no\/wp-content\/uploads\/2023\/08\/D85_8514-Enhanced-NR-Edit-300x200.jpg",300,200,true],"medium_large":["https:\/\/www.effera.no\/wp-content\/uploads\/2023\/08\/D85_8514-Enhanced-NR-Edit-768x512.jpg",768,512,true],"large":["https:\/\/www.effera.no\/wp-content\/uploads\/2023\/08\/D85_8514-Enhanced-NR-Edit-1024x683.jpg",1024,683,true],"1536x1536":["https:\/\/www.effera.no\/wp-content\/uploads\/2023\/08\/D85_8514-Enhanced-NR-Edit-1536x1024.jpg",1536,1024,true],"2048x2048":["https:\/\/www.effera.no\/wp-content\/uploads\/2023\/08\/D85_8514-Enhanced-NR-Edit.jpg",1920,1280,false],"trp-custom-language-flag":["https:\/\/www.effera.no\/wp-content\/uploads\/2023\/08\/D85_8514-Enhanced-NR-Edit-18x12.jpg",18,12,true]},"uagb_author_info":{"display_name":"Ivan M\u00e6land","author_link":"https:\/\/www.effera.no\/en\/artikler\/author\/im_superbruger_eretiten_757746\/"},"uagb_comment_info":0,"uagb_excerpt":"Vi leverer digitale l\u00f8sninger til tunnel- og anleggsbransjen i Norge og Sverige Vi er markedsledende innenfor sikkerhetsl\u00f8sninger til tunnelbransjen, hvor vi leverer elektroniske mannskapslister, sporing av personell og maskiner, brannalarmutstyr, 4G\/WiFi-dekning, radioer (UHF\/Push-to-Talk), gass-sensorikk og ventilasjonsstyring. Kundelisten v\u00e5r best\u00e5r av store og kjente merkenavn som AF Gruppen, H\u00e6hre Entrepren\u00f8r, Implenia, Veidekke, NCC, Metrostav, og vi&hellip;","_links":{"self":[{"href":"https:\/\/www.effera.no\/en\/wp-json\/wp\/v2\/pages\/28","targetHints":{"allow":["GET"]}}],"collection":[{"href":"https:\/\/www.effera.no\/en\/wp-json\/wp\/v2\/pages"}],"about":[{"href":"https:\/\/www.effera.no\/en\/wp-json\/wp\/v2\/types\/page"}],"author":[{"embeddable":true,"href":"https:\/\/www.effera.no\/en\/wp-json\/wp\/v2\/users\/7"}],"replies":[{"embeddable":true,"href":"https:\/\/www.effera.no\/en\/wp-json\/wp\/v2\/comments?post=28"}],"version-history":[{"count":0,"href":"https:\/\/www.effera.no\/en\/wp-json\/wp\/v2\/pages\/28\/revisions"}],"wp:featuredmedia":[{"embeddable":true,"href":"https:\/\/www.effera.no\/en\/wp-json\/wp\/v2\/media\/2563"}],"wp:attachment":[{"href":"https:\/\/www.effera.no\/en\/wp-json\/wp\/v2\/media?parent=28"}],"curies":[{"name":"wp","href":"https:\/\/api.w.org\/{rel}","templated":true}]}}